{"id":32107,"date":"2026-01-21T17:38:34","date_gmt":"2026-01-21T17:38:34","guid":{"rendered":"https:\/\/amy.ponireluxe.top\/index.php\/product\/louis-vuitton-m44020-neonoe-mm\/"},"modified":"2026-03-06T08:21:40","modified_gmt":"2026-03-06T08:21:40","slug":"louis-vuitton-m44020-neonoe-mm","status":"publish","type":"product","link":"https:\/\/amy.ponireluxe.top\/index.php\/product\/louis-vuitton-m44020-neonoe-mm\/","title":{"rendered":"LOUIS VUITTON M44020 N\u00e9oNo\u00e9 MM"},"content":{"rendered":"<p>This is a replica LOUIS VUITTON M44020 N\u00e9oNo\u00e9 MM.&nbsp;,10.2 x 10.2 x 6.9 inches&nbsp;,Black,Monogram coated canvas,Colored cowhide leather trim,Microfiber lining,Gold-color hardware,2 compartments,Zipped central pocket,Metal eyelets,Fits: smartphone, Victorine Compact Wallet, tissues, lipstick, earphones, keys,Strap:Removable, adjustable,Strap drop:12.2 inches,Strap drop max:21.3 inches,Handle:Single, removable<\/p>\n","protected":false},"excerpt":{"rendered":"<p>Stock: In Stock                      Model: LVNo\u00e9004                       Weight: 0.60kg                       Dimensions: 26.00cm x 17.50cm x 26.00cm<\/p>\n","protected":false},"featured_media":32109,"comment_status":"closed","ping_status":"open","template":"","meta":[],"product_brand":[],"product_cat":[642,175],"product_tag":[],"class_list":{"0":"post-32107","1":"product","2":"type-product","3":"status-publish","4":"has-post-thumbnail","6":"product_cat-bag","7":"product_cat-louis-vuitton-2","9":"first","10":"instock","11":"purchasable","12":"product-type-simple"},"_links":{"self":[{"href":"https:\/\/amy.ponireluxe.top\/index.php\/wp-json\/wp\/v2\/product\/32107","targetHints":{"allow":["GET"]}}],"collection":[{"href":"https:\/\/amy.ponireluxe.top\/index.php\/wp-json\/wp\/v2\/product"}],"about":[{"href":"https:\/\/amy.ponireluxe.top\/index.php\/wp-json\/wp\/v2\/types\/product"}],"replies":[{"embeddable":true,"href":"https:\/\/amy.ponireluxe.top\/index.php\/wp-json\/wp\/v2\/comments?post=32107"}],"version-history":[{"count":1,"href":"https:\/\/amy.ponireluxe.top\/index.php\/wp-json\/wp\/v2\/product\/32107\/revisions"}],"predecessor-version":[{"id":32108,"href":"https:\/\/amy.ponireluxe.top\/index.php\/wp-json\/wp\/v2\/product\/32107\/revisions\/32108"}],"wp:featuredmedia":[{"embeddable":true,"href":"https:\/\/amy.ponireluxe.top\/index.php\/wp-json\/wp\/v2\/media\/32109"}],"wp:attachment":[{"href":"https:\/\/amy.ponireluxe.top\/index.php\/wp-json\/wp\/v2\/media?parent=32107"}],"wp:term":[{"taxonomy":"product_brand","embeddable":true,"href":"https:\/\/amy.ponireluxe.top\/index.php\/wp-json\/wp\/v2\/product_brand?post=32107"},{"taxonomy":"product_cat","embeddable":true,"href":"https:\/\/amy.ponireluxe.top\/index.php\/wp-json\/wp\/v2\/product_cat?post=32107"},{"taxonomy":"product_tag","embeddable":true,"href":"https:\/\/amy.ponireluxe.top\/index.php\/wp-json\/wp\/v2\/product_tag?post=32107"}],"curies":[{"name":"wp","href":"https:\/\/api.w.org\/{rel}","templated":true}]}}