{"id":32639,"date":"2026-01-21T17:54:00","date_gmt":"2026-01-21T17:54:00","guid":{"rendered":"https:\/\/amy.ponireluxe.top\/index.php\/product\/louis-vuitton-m47038-neonoe-bb\/"},"modified":"2026-03-06T08:18:38","modified_gmt":"2026-03-06T08:18:38","slug":"louis-vuitton-m47038-neonoe-bb","status":"publish","type":"product","link":"https:\/\/amy.ponireluxe.top\/index.php\/product\/louis-vuitton-m47038-neonoe-bb\/","title":{"rendered":"LOUIS VUITTON M47038 N\u00e9ono\u00e9 BB"},"content":{"rendered":"<p>This is a replica LOUIS VUITTON M47038&nbsp;N\u00e9ono\u00e9 BB.&nbsp;,7.9 x 7.9 x 5.1 inches&nbsp;,Opal Pink,Monogram Empreinte embossed grained cowhide leather,Cowhide-leather trim,Microfiber lining,Gold-color hardware,Drawstring closure,Fits: Smartphone, Victorine Wallet, earphones, tissues, keys, lipstick,Weight: 0.4 kg,Strap:Removable, adjustable,Strap drop:13.0 inches,Strap drop max:22.0 inches,Handle:Single, removable<\/p>\n","protected":false},"excerpt":{"rendered":"<p>Stock: In Stock                      Model: LVNo\u00e9002                       Weight: 0.50kg                       Dimensions: 20.00cm x 13.00cm x 20.00cm<\/p>\n","protected":false},"featured_media":32641,"comment_status":"closed","ping_status":"open","template":"","meta":[],"product_brand":[],"product_cat":[642,175],"product_tag":[],"class_list":{"0":"post-32639","1":"product","2":"type-product","3":"status-publish","4":"has-post-thumbnail","6":"product_cat-bag","7":"product_cat-louis-vuitton-2","9":"first","10":"instock","11":"purchasable","12":"product-type-simple"},"_links":{"self":[{"href":"https:\/\/amy.ponireluxe.top\/index.php\/wp-json\/wp\/v2\/product\/32639","targetHints":{"allow":["GET"]}}],"collection":[{"href":"https:\/\/amy.ponireluxe.top\/index.php\/wp-json\/wp\/v2\/product"}],"about":[{"href":"https:\/\/amy.ponireluxe.top\/index.php\/wp-json\/wp\/v2\/types\/product"}],"replies":[{"embeddable":true,"href":"https:\/\/amy.ponireluxe.top\/index.php\/wp-json\/wp\/v2\/comments?post=32639"}],"version-history":[{"count":1,"href":"https:\/\/amy.ponireluxe.top\/index.php\/wp-json\/wp\/v2\/product\/32639\/revisions"}],"predecessor-version":[{"id":32640,"href":"https:\/\/amy.ponireluxe.top\/index.php\/wp-json\/wp\/v2\/product\/32639\/revisions\/32640"}],"wp:featuredmedia":[{"embeddable":true,"href":"https:\/\/amy.ponireluxe.top\/index.php\/wp-json\/wp\/v2\/media\/32641"}],"wp:attachment":[{"href":"https:\/\/amy.ponireluxe.top\/index.php\/wp-json\/wp\/v2\/media?parent=32639"}],"wp:term":[{"taxonomy":"product_brand","embeddable":true,"href":"https:\/\/amy.ponireluxe.top\/index.php\/wp-json\/wp\/v2\/product_brand?post=32639"},{"taxonomy":"product_cat","embeddable":true,"href":"https:\/\/amy.ponireluxe.top\/index.php\/wp-json\/wp\/v2\/product_cat?post=32639"},{"taxonomy":"product_tag","embeddable":true,"href":"https:\/\/amy.ponireluxe.top\/index.php\/wp-json\/wp\/v2\/product_tag?post=32639"}],"curies":[{"name":"wp","href":"https:\/\/api.w.org\/{rel}","templated":true}]}}