{"id":36391,"date":"2026-02-24T09:30:35","date_gmt":"2026-02-24T09:30:35","guid":{"rendered":"https:\/\/amy.ponireluxe.top\/index.php\/product\/goyard-saigon-pm-bag-8\/"},"modified":"2026-03-06T07:54:32","modified_gmt":"2026-03-06T07:54:32","slug":"goyard-saigon-pm-bag-8","status":"publish","type":"product","link":"https:\/\/amy.ponireluxe.top\/index.php\/product\/goyard-saigon-pm-bag-8\/","title":{"rendered":"GOYARD Sa\u00efgon PM Bag 8"},"content":{"rendered":"<p>This is a replica GOYARD Sa\u00efgon PM Bag&nbsp;in green.&nbsp;The Sa\u00efgon bag is one of Maison Goyard\u2019s emblematic pieces as it inherits all our trunk-making signature codes like the wood batons, leather corners and trunk rivets. In this structured PM format, the Sa\u00efgon bag can be worn with or without a strap for an elegant evening style.,<br \/>,Size&nbsp;&nbsp;,<br \/>,Length: 28 cm,<br \/>,Height: 12 cm<\/p>\n","protected":false},"excerpt":{"rendered":"<p>Stock: In Stock                      Model: GYSaigon001                       Weight: 0.65kg                       Dimensions: 28.00cm x 12.00cm x 20.00cm<\/p>\n","protected":false},"featured_media":36358,"comment_status":"closed","ping_status":"open","template":"","meta":[],"product_brand":[],"product_cat":[642,263],"product_tag":[],"class_list":{"0":"post-36391","1":"product","2":"type-product","3":"status-publish","4":"has-post-thumbnail","6":"product_cat-bag","7":"product_cat-goyard","8":"pa_gysaigon001-black","9":"pa_gysaigon001-black-and-tan","10":"pa_gysaigon001-burgendy","11":"pa_gysaigon001-green","12":"pa_gysaigon001-grey","13":"pa_gysaigon001-white","15":"first","16":"instock","17":"purchasable","18":"product-type-variable"},"_links":{"self":[{"href":"https:\/\/amy.ponireluxe.top\/index.php\/wp-json\/wp\/v2\/product\/36391","targetHints":{"allow":["GET"]}}],"collection":[{"href":"https:\/\/amy.ponireluxe.top\/index.php\/wp-json\/wp\/v2\/product"}],"about":[{"href":"https:\/\/amy.ponireluxe.top\/index.php\/wp-json\/wp\/v2\/types\/product"}],"replies":[{"embeddable":true,"href":"https:\/\/amy.ponireluxe.top\/index.php\/wp-json\/wp\/v2\/comments?post=36391"}],"version-history":[{"count":1,"href":"https:\/\/amy.ponireluxe.top\/index.php\/wp-json\/wp\/v2\/product\/36391\/revisions"}],"predecessor-version":[{"id":36392,"href":"https:\/\/amy.ponireluxe.top\/index.php\/wp-json\/wp\/v2\/product\/36391\/revisions\/36392"}],"wp:featuredmedia":[{"embeddable":true,"href":"https:\/\/amy.ponireluxe.top\/index.php\/wp-json\/wp\/v2\/media\/36358"}],"wp:attachment":[{"href":"https:\/\/amy.ponireluxe.top\/index.php\/wp-json\/wp\/v2\/media?parent=36391"}],"wp:term":[{"taxonomy":"product_brand","embeddable":true,"href":"https:\/\/amy.ponireluxe.top\/index.php\/wp-json\/wp\/v2\/product_brand?post=36391"},{"taxonomy":"product_cat","embeddable":true,"href":"https:\/\/amy.ponireluxe.top\/index.php\/wp-json\/wp\/v2\/product_cat?post=36391"},{"taxonomy":"product_tag","embeddable":true,"href":"https:\/\/amy.ponireluxe.top\/index.php\/wp-json\/wp\/v2\/product_tag?post=36391"}],"curies":[{"name":"wp","href":"https:\/\/api.w.org\/{rel}","templated":true}]}}