{"id":36402,"date":"2026-02-24T09:30:35","date_gmt":"2026-02-24T09:30:35","guid":{"rendered":"https:\/\/amy.ponireluxe.top\/index.php\/product\/goyard-boheme-hobo-bag-1\/"},"modified":"2026-02-24T09:32:00","modified_gmt":"2026-02-24T09:32:00","slug":"goyard-boheme-hobo-bag-1","status":"publish","type":"product","link":"https:\/\/amy.ponireluxe.top\/index.php\/product\/goyard-boheme-hobo-bag-1\/","title":{"rendered":"GOYARD Boh\u00e8me Hobo Bag 1"},"content":{"rendered":"<p>This is a replica GOYARD Boh\u00e8me Hobo Bag&nbsp;in navy blue.&nbsp;The Boh\u00e8me Hobo bag epitomizes lightness, flexibility, and safety thanks to its zip closure. It is very comfortable as a shoulder bag thanks to its wide handle. It also features the emblematic removable pouch that closes with a snap fastener.,<br \/>,Size&nbsp;&nbsp;,<br \/>,Length: 43 cm,<br \/>,Height: 14 cm<\/p>\n","protected":false},"excerpt":{"rendered":"<p>Stock: In Stock                      Model: GYBohemeHobo001                       Weight: 0.33kg                       Dimensions: 43.00cm x 14.00cm x 27.00cm<\/p>\n","protected":false},"featured_media":36415,"comment_status":"closed","ping_status":"open","template":"","meta":[],"product_brand":[],"product_cat":[73],"product_tag":[],"class_list":{"0":"post-36402","1":"product","2":"type-product","3":"status-publish","4":"has-post-thumbnail","6":"product_cat-uncategorized","7":"pa_gybohemehobo001-black","8":"pa_gybohemehobo001-black-and-tan","9":"pa_gybohemehobo001-burgendy","10":"pa_gybohemehobo001-green","11":"pa_gybohemehobo001-grey","12":"pa_gybohemehobo001-navy-blue","13":"pa_gybohemehobo001-orange","14":"pa_gybohemehobo001-red","15":"pa_gybohemehobo001-sky-blue","16":"pa_gybohemehobo001-white","17":"pa_gybohemehobo001-yellow","19":"first","20":"instock","21":"purchasable","22":"product-type-variable"},"_links":{"self":[{"href":"https:\/\/amy.ponireluxe.top\/index.php\/wp-json\/wp\/v2\/product\/36402","targetHints":{"allow":["GET"]}}],"collection":[{"href":"https:\/\/amy.ponireluxe.top\/index.php\/wp-json\/wp\/v2\/product"}],"about":[{"href":"https:\/\/amy.ponireluxe.top\/index.php\/wp-json\/wp\/v2\/types\/product"}],"replies":[{"embeddable":true,"href":"https:\/\/amy.ponireluxe.top\/index.php\/wp-json\/wp\/v2\/comments?post=36402"}],"version-history":[{"count":1,"href":"https:\/\/amy.ponireluxe.top\/index.php\/wp-json\/wp\/v2\/product\/36402\/revisions"}],"predecessor-version":[{"id":36403,"href":"https:\/\/amy.ponireluxe.top\/index.php\/wp-json\/wp\/v2\/product\/36402\/revisions\/36403"}],"wp:featuredmedia":[{"embeddable":true,"href":"https:\/\/amy.ponireluxe.top\/index.php\/wp-json\/wp\/v2\/media\/36415"}],"wp:attachment":[{"href":"https:\/\/amy.ponireluxe.top\/index.php\/wp-json\/wp\/v2\/media?parent=36402"}],"wp:term":[{"taxonomy":"product_brand","embeddable":true,"href":"https:\/\/amy.ponireluxe.top\/index.php\/wp-json\/wp\/v2\/product_brand?post=36402"},{"taxonomy":"product_cat","embeddable":true,"href":"https:\/\/amy.ponireluxe.top\/index.php\/wp-json\/wp\/v2\/product_cat?post=36402"},{"taxonomy":"product_tag","embeddable":true,"href":"https:\/\/amy.ponireluxe.top\/index.php\/wp-json\/wp\/v2\/product_tag?post=36402"}],"curies":[{"name":"wp","href":"https:\/\/api.w.org\/{rel}","templated":true}]}}