{"id":36530,"date":"2026-02-24T09:32:54","date_gmt":"2026-02-24T09:32:54","guid":{"rendered":"https:\/\/amy.ponireluxe.top\/index.php\/product\/goyard-boheme-hobo-bag-6\/"},"modified":"2026-03-06T07:53:50","modified_gmt":"2026-03-06T07:53:50","slug":"goyard-boheme-hobo-bag-6","status":"publish","type":"product","link":"https:\/\/amy.ponireluxe.top\/index.php\/product\/goyard-boheme-hobo-bag-6\/","title":{"rendered":"GOYARD Boh\u00e8me Hobo Bag 6"},"content":{"rendered":"<p>This is a replica GOYARD Boh\u00e8me Hobo Bag&nbsp;in burgendy.&nbsp;The Boh\u00e8me Hobo bag epitomizes lightness, flexibility, and safety thanks to its zip closure. It is very comfortable as a shoulder bag thanks to its wide handle. It also features the emblematic removable pouch that closes with a snap fastener.,<br \/>,Size&nbsp;&nbsp;,<br \/>,Length: 43 cm,<br \/>,Height: 14 cm<\/p>\n","protected":false},"excerpt":{"rendered":"<p>Stock: In Stock                      Model: GYBohemeHobo001                       Weight: 0.33kg                       Dimensions: 43.00cm x 14.00cm x 27.00cm<\/p>\n","protected":false},"featured_media":36543,"comment_status":"closed","ping_status":"open","template":"","meta":[],"product_brand":[],"product_cat":[642,263],"product_tag":[],"class_list":{"0":"post-36530","1":"product","2":"type-product","3":"status-publish","4":"has-post-thumbnail","6":"product_cat-bag","7":"product_cat-goyard","8":"pa_gybohemehobo001-black","9":"pa_gybohemehobo001-black-and-tan","10":"pa_gybohemehobo001-burgendy","11":"pa_gybohemehobo001-green","12":"pa_gybohemehobo001-grey","13":"pa_gybohemehobo001-navy-blue","14":"pa_gybohemehobo001-orange","15":"pa_gybohemehobo001-red","16":"pa_gybohemehobo001-sky-blue","17":"pa_gybohemehobo001-white","18":"pa_gybohemehobo001-yellow","20":"first","21":"instock","22":"purchasable","23":"product-type-variable"},"_links":{"self":[{"href":"https:\/\/amy.ponireluxe.top\/index.php\/wp-json\/wp\/v2\/product\/36530","targetHints":{"allow":["GET"]}}],"collection":[{"href":"https:\/\/amy.ponireluxe.top\/index.php\/wp-json\/wp\/v2\/product"}],"about":[{"href":"https:\/\/amy.ponireluxe.top\/index.php\/wp-json\/wp\/v2\/types\/product"}],"replies":[{"embeddable":true,"href":"https:\/\/amy.ponireluxe.top\/index.php\/wp-json\/wp\/v2\/comments?post=36530"}],"version-history":[{"count":1,"href":"https:\/\/amy.ponireluxe.top\/index.php\/wp-json\/wp\/v2\/product\/36530\/revisions"}],"predecessor-version":[{"id":36531,"href":"https:\/\/amy.ponireluxe.top\/index.php\/wp-json\/wp\/v2\/product\/36530\/revisions\/36531"}],"wp:featuredmedia":[{"embeddable":true,"href":"https:\/\/amy.ponireluxe.top\/index.php\/wp-json\/wp\/v2\/media\/36543"}],"wp:attachment":[{"href":"https:\/\/amy.ponireluxe.top\/index.php\/wp-json\/wp\/v2\/media?parent=36530"}],"wp:term":[{"taxonomy":"product_brand","embeddable":true,"href":"https:\/\/amy.ponireluxe.top\/index.php\/wp-json\/wp\/v2\/product_brand?post=36530"},{"taxonomy":"product_cat","embeddable":true,"href":"https:\/\/amy.ponireluxe.top\/index.php\/wp-json\/wp\/v2\/product_cat?post=36530"},{"taxonomy":"product_tag","embeddable":true,"href":"https:\/\/amy.ponireluxe.top\/index.php\/wp-json\/wp\/v2\/product_tag?post=36530"}],"curies":[{"name":"wp","href":"https:\/\/api.w.org\/{rel}","templated":true}]}}